{"id":174,"date":"2020-08-12T14:21:07","date_gmt":"2020-08-12T14:21:07","guid":{"rendered":"https:\/\/centralchicapartments.com\/index.php\/our-rooms\/"},"modified":"2020-08-13T09:20:48","modified_gmt":"2020-08-13T09:20:48","slug":"dhomat-tona","status":"publish","type":"page","link":"https:\/\/centralchicapartments.com\/index.php\/dhomat-tona\/?lang=sq","title":{"rendered":"Dhomat Tona"},"content":{"rendered":"<div class=\"wpb-content-wrapper\"><p>[vc_row css=&#8221;.vc_custom_1597242470292{padding-top: 40px !important;padding-bottom: 40px !important;}&#8221;][vc_column width=&#8221;1\/2&#8243;][vc_empty_space height=&#8221;40px&#8221;]<div class=\"ult-content-box-container bg_room_class\" >\t\t<div class=\"ult-content-box\" style=\"background-color:#ffffff;box-shadow: px px px px none;-webkit-transition: all 700ms ease;-moz-transition: all 700ms ease;-ms-transition: all 700ms ease;-o-transition: all 700ms ease;transition: all 700ms ease;\"  data-hover_box_shadow=\"none\"     data-bg=\"#ffffff\" >[vc_custom_heading text=&#8221;Apartament me nj\u00eb Dhom\u00eb Gjumi&#8221; font_container=&#8221;tag:h2|font_size:30|text_align:left&#8221; use_theme_fonts=&#8221;yes&#8221;][vc_custom_heading text=&#8221;me Ballkon &#8211; No 1&#8243; font_container=&#8221;tag:h4|text_align:left|color:%23c8b17b&#8221; use_theme_fonts=&#8221;yes&#8221; css=&#8221;.vc_custom_1597307348222{margin-top: 15px !important;}&#8221;][vc_column_text]Ndihuni komod ne nje nga dhomat tona te qeta\u2026[\/vc_column_text][vc_empty_space height=&#8221;20px&#8221;][vc_btn title=&#8221;Detaje&#8221; style=&#8221;outline-custom&#8221; outline_custom_color=&#8221;#c8b17b&#8221; outline_custom_hover_background=&#8221;#c8b17b&#8221; outline_custom_hover_text=&#8221;#ffffff&#8221; link=&#8221;url:https%3A%2F%2Fcentralchicapartments.com%2Findex.php%2Fapartament-me-nje-dhome-gjumi-me-ballkon-no-1%2F%3Flang%3Dsq|title:Apartament%20me%20Nj%C3%AB%20Dhom%C3%AB%20Gjumi%20me%20Ballkon%20%E2%80%93%20No%201||&#8221;]\t\t<\/div><\/div>[\/vc_column][vc_column width=&#8221;1\/2&#8243;][vc_single_image image=&#8221;162&#8243; img_size=&#8221;full&#8221;][\/vc_column][\/vc_row][vc_row css=&#8221;.vc_custom_1597242474928{padding-top: 40px !important;padding-bottom: 40px !important;}&#8221;][vc_column width=&#8221;1\/2&#8243;][vc_single_image image=&#8221;163&#8243; img_size=&#8221;full&#8221;][\/vc_column][vc_column width=&#8221;1\/2&#8243;][vc_empty_space height=&#8221;40px&#8221;]<div class=\"ult-content-box-container bg_room_class\" >\t\t<div class=\"ult-content-box\" style=\"background-color:#ffffff;box-shadow: px px px px none;-webkit-transition: all 700ms ease;-moz-transition: all 700ms ease;-ms-transition: all 700ms ease;-o-transition: all 700ms ease;transition: all 700ms ease;\"  data-hover_box_shadow=\"none\"     data-bg=\"#ffffff\" >[vc_custom_heading text=&#8221;Apartament me nj\u00eb Dhom\u00eb Gjumi&#8221; font_container=&#8221;tag:h2|font_size:30|text_align:left&#8221; use_theme_fonts=&#8221;yes&#8221;][vc_custom_heading text=&#8221;No 2&#8243; font_container=&#8221;tag:h4|text_align:left|color:%23c8b17b&#8221; use_theme_fonts=&#8221;yes&#8221;][vc_column_text]Ndihuni komod ne nje nga dhomat tona te qeta\u2026[\/vc_column_text][vc_empty_space height=&#8221;20px&#8221;][vc_btn title=&#8221;Detaje&#8221; style=&#8221;outline-custom&#8221; outline_custom_color=&#8221;#c8b17b&#8221; outline_custom_hover_background=&#8221;#c8b17b&#8221; outline_custom_hover_text=&#8221;#ffffff&#8221; link=&#8221;url:https%3A%2F%2Fcentralchicapartments.com%2Findex.php%2Fapartament-me-nje-dhome-gjumi-no-2%2F%3Flang%3Dsq|title:Apartament%20me%20Nj%C3%AB%20Dhom%C3%AB%20Gjumi%20%E2%80%93%20No%202||&#8221;]\t\t<\/div><\/div>[\/vc_column][\/vc_row][vc_row css=&#8221;.vc_custom_1597242479913{padding-top: 40px !important;padding-bottom: 40px !important;}&#8221;][vc_column width=&#8221;1\/2&#8243;][vc_empty_space height=&#8221;40px&#8221;]<div class=\"ult-content-box-container bg_room_class\" >\t\t<div class=\"ult-content-box\" style=\"background-color:#ffffff;box-shadow: px px px px none;-webkit-transition: all 700ms ease;-moz-transition: all 700ms ease;-ms-transition: all 700ms ease;-o-transition: all 700ms ease;transition: all 700ms ease;\"  data-hover_box_shadow=\"none\"     data-bg=\"#ffffff\" >[vc_custom_heading text=&#8221;Apartament me nj\u00eb Dhom\u00eb Gjumi&#8221; font_container=&#8221;tag:h2|font_size:30|text_align:left&#8221; use_theme_fonts=&#8221;yes&#8221;][vc_custom_heading text=&#8221;me Ballkon &#8211; No 3&#8243; font_container=&#8221;tag:h4|text_align:left|color:%23c8b17b&#8221; use_theme_fonts=&#8221;yes&#8221;][vc_column_text]Ndihuni komod ne nje nga dhomat tona te qeta\u2026[\/vc_column_text][vc_empty_space height=&#8221;20px&#8221;][vc_btn title=&#8221;Detaje&#8221; style=&#8221;outline-custom&#8221; outline_custom_color=&#8221;#c8b17b&#8221; outline_custom_hover_background=&#8221;#c8b17b&#8221; outline_custom_hover_text=&#8221;#ffffff&#8221; link=&#8221;url:https%3A%2F%2Fcentralchicapartments.com%2Findex.php%2Fapartament-me-nje-dhome-gjumi-me-ballkon-no-3%2F%3Flang%3Dsq|title:Apartament%20me%20Nj%C3%AB%20Dhom%C3%AB%20Gjumi%20me%20Ballkon%20%E2%80%93%20No%203||&#8221;]\t\t<\/div><\/div>[\/vc_column][vc_column width=&#8221;1\/2&#8243;][vc_single_image image=&#8221;168&#8243; img_size=&#8221;full&#8221;][\/vc_column][\/vc_row][vc_row bg_type=&#8221;image&#8221; parallax_style=&#8221;vcpb-default&#8221; bg_image_new=&#8221;id^53|url^https:\/\/centralchicapartments.com\/wp-content\/uploads\/2020\/08\/footer.jpg|caption^null|alt^null|title^footer|description^null&#8221; bg_img_attach=&#8221;fixed&#8221; bg_override=&#8221;ex-full&#8221;][vc_column css=&#8221;.vc_custom_1597226787269{padding-top: 80px !important;padding-bottom: 80px !important;}&#8221;][vc_row_inner][vc_column_inner width=&#8221;1\/6&#8243;][\/vc_column_inner][vc_column_inner width=&#8221;2\/3&#8243; css=&#8221;.vc_custom_1597227841393{padding-top: 70px !important;padding-bottom: 70px !important;background-color: rgba(200,177,123,0.51) !important;*background-color: rgb(200,177,123) !important;}&#8221;][vc_custom_heading text=&#8221;Kontakt&#8221; font_container=&#8221;tag:h1|text_align:center|color:%23ffffff&#8221; use_theme_fonts=&#8221;yes&#8221;][vc_custom_heading text=&#8221;P\u00ebr m\u00eb shum\u00eb informacion mos hezitoni t\u00eb na kontaktoni&#8221; font_container=&#8221;tag:h3|text_align:center|color:%23ffffff&#8221; use_theme_fonts=&#8221;yes&#8221;][vc_empty_space height=&#8221;20px&#8221;][vc_btn title=&#8221;Na Kontaktoni&#8221; style=&#8221;outline-custom&#8221; outline_custom_color=&#8221;#ffffff&#8221; outline_custom_hover_background=&#8221;#ffffff&#8221; outline_custom_hover_text=&#8221;#c8b17b&#8221; align=&#8221;center&#8221; link=&#8221;url:https%3A%2F%2Fcentralchicapartments.com%2Findex.php%2Fkontakt%2F%3Flang%3Dsq|title:Kontakt||&#8221;][\/vc_column_inner][vc_column_inner width=&#8221;1\/6&#8243;][\/vc_column_inner][\/vc_row_inner][\/vc_column][\/vc_row]<\/p>\n<\/div>","protected":false},"excerpt":{"rendered":"<p>[vc_row css=&#8221;.vc_custom_1597242470292{padding-top: 40px !important;padding-bottom: 40px !important;}&#8221;][vc_column width=&#8221;1\/2&#8243;][vc_empty_space height=&#8221;40px&#8221;][\/vc_column][vc_column width=&#8221;1\/2&#8243;][vc_single_image image=&#8221;162&#8243; img_size=&#8221;full&#8221;][\/vc_column][\/vc_row][vc_row css=&#8221;.vc_custom_1597242474928{padding-top: 40px !important;padding-bottom: 40px !important;}&#8221;][vc_column width=&#8221;1\/2&#8243;][vc_single_image image=&#8221;163&#8243; img_size=&#8221;full&#8221;][\/vc_column][vc_column width=&#8221;1\/2&#8243;][vc_empty_space height=&#8221;40px&#8221;][\/vc_column][\/vc_row][vc_row css=&#8221;.vc_custom_1597242479913{padding-top: 40px !important;padding-bottom: 40px !important;}&#8221;][vc_column width=&#8221;1\/2&#8243;][vc_empty_space height=&#8221;40px&#8221;][\/vc_column][vc_column width=&#8221;1\/2&#8243;][vc_single_image image=&#8221;168&#8243; img_size=&#8221;full&#8221;][\/vc_column][\/vc_row][vc_row bg_type=&#8221;image&#8221; parallax_style=&#8221;vcpb-default&#8221; bg_image_new=&#8221;id^53|url^https:\/\/centralchicapartments.com\/wp-content\/uploads\/2020\/08\/footer.jpg|caption^null|alt^null|title^footer|description^null&#8221; bg_img_attach=&#8221;fixed&#8221; bg_override=&#8221;ex-full&#8221;][vc_column css=&#8221;.vc_custom_1597226787269{padding-top: 80px !important;padding-bottom: 80px !important;}&#8221;][vc_row_inner][vc_column_inner width=&#8221;1\/6&#8243;][\/vc_column_inner][vc_column_inner width=&#8221;2\/3&#8243; css=&#8221;.vc_custom_1597227841393{padding-top: 70px !important;padding-bottom: 70px !important;background-color: rgba(200,177,123,0.51) !important;*background-color: rgb(200,177,123) !important;}&#8221;][vc_custom_heading text=&#8221;Kontakt&#8221; font_container=&#8221;tag:h1|text_align:center|color:%23ffffff&#8221; use_theme_fonts=&#8221;yes&#8221;][vc_custom_heading&hellip;<\/p>\n","protected":false},"author":1,"featured_media":0,"parent":0,"menu_order":0,"comment_status":"closed","ping_status":"closed","template":"","meta":{"footnotes":""},"class_list":["post-174","page","type-page","status-publish","hentry","description-off"],"_links":{"self":[{"href":"https:\/\/centralchicapartments.com\/index.php\/wp-json\/wp\/v2\/pages\/174","targetHints":{"allow":["GET"]}}],"collection":[{"href":"https:\/\/centralchicapartments.com\/index.php\/wp-json\/wp\/v2\/pages"}],"about":[{"href":"https:\/\/centralchicapartments.com\/index.php\/wp-json\/wp\/v2\/types\/page"}],"author":[{"embeddable":true,"href":"https:\/\/centralchicapartments.com\/index.php\/wp-json\/wp\/v2\/users\/1"}],"replies":[{"embeddable":true,"href":"https:\/\/centralchicapartments.com\/index.php\/wp-json\/wp\/v2\/comments?post=174"}],"version-history":[{"count":4,"href":"https:\/\/centralchicapartments.com\/index.php\/wp-json\/wp\/v2\/pages\/174\/revisions"}],"predecessor-version":[{"id":264,"href":"https:\/\/centralchicapartments.com\/index.php\/wp-json\/wp\/v2\/pages\/174\/revisions\/264"}],"wp:attachment":[{"href":"https:\/\/centralchicapartments.com\/index.php\/wp-json\/wp\/v2\/media?parent=174"}],"curies":[{"name":"wp","href":"https:\/\/api.w.org\/{rel}","templated":true}]}}